{"id":3,"date":"2023-04-13T13:13:08","date_gmt":"2023-04-13T11:13:08","guid":{"rendered":"https:\/\/ophtalmologie-cornavin.ch\/?page_id=3"},"modified":"2026-01-16T17:39:58","modified_gmt":"2026-01-16T16:39:58","slug":"consultation-ophtalmologue-geneve-consultations-soins-cornavin","status":"publish","type":"page","link":"https:\/\/ophtalmologie-cornavin.ch\/fr\/consultation-ophtalmologue-geneve-consultations-soins-cornavin\/","title":{"rendered":"Mentions l\u00e9gales"},"content":{"rendered":"\n<h2 class=\"wp-block-heading\"><strong>Entreprise<\/strong> <\/h2>\n\n\n\n<p>Cabinet Ophtalmologie Cornavin \/ Dre. Val\u00e9ria Kheir \/ 22, rue du Mont-Blanc 1201 Gen\u00e8ve &#8211; Suisse <\/p>\n\n\n\n<p>Le site www.ophtalmologie-cornavin.c est r\u00e9gi par le droit suisse ; les visiteurs ayant acc\u00e8s au site de l\u2019\u00e9tranger doivent s\u2019assurer du respect des lois localement applicables.<\/p>\n\n\n\n<p>Les mentions l\u00e9gales pouvant \u00eatre modifi\u00e9es \u00e0 tout moment et sans pr\u00e9avis, nous vous engageons \u00e0 les consulter r\u00e9guli\u00e8rement.<\/p>\n\n\n\n<p>Toute question concernant la pr\u00e9sente Politique de confidentialit\u00e9 doit \u00eatre adress\u00e9e par courrier postale uniquement. <\/p>\n\n\n\n<h2 class=\"wp-block-heading\"><strong>Politique<\/strong> <strong>de confidentialit\u00e9<\/strong> <\/h2>\n\n\n\n<p>Ce site utilise Google Analytics &amp; Google Ads. Les cookies sont des fichiers enregistr\u00e9s durablement ou temporairement dans votre ordinateur lors de la visite de ce site. L\u2019objectif des cookies est tout particuli\u00e8rement l\u2019analyse de l\u2019utilisation de ce site internet \u00e0 des fin de statistiques et de publicit\u00e9s. <\/p>\n\n\n\n<p>Ceux-ci servent \u00e9galement \u00e0 am\u00e9liorer continuellement sa qualit\u00e9. Vous pouvez d\u00e9sactiver totalement ou partiellement les cookies en effectuant les r\u00e9glages correspondants dans votre navigateur. En cas de d\u00e9sactivation des cookies, il se peut que toutes les fonctions de ce site Internet ne soient plus disponibles.<\/p>\n\n\n\n<h2 class=\"wp-block-heading\"><strong>Propri\u00e9t\u00e9 Intellectuelle &#8211; Cr\u00e9dits Photos <\/strong><\/h2>\n\n\n\n<p>Copyright &#8211; Cabinet Ophtalmologie Cornavin \/ Reproduction interdite <\/p>\n\n\n\n<p>Le logo, les visuels, les contenus \u00e9ditoriaux et les photos publi\u00e9es sur le site proviennent de : canva.com \/ unsplash.com ou appartiennent \u00e0 Cabinet Ophtalmologie Cornavin<\/p>\n\n\n\n<h2 class=\"wp-block-heading\"><strong>Protection de vos donn\u00e9es personnelles &amp; Cookies &#8211; Formulaire OneDoc SA <\/strong><\/h2>\n\n\n\n<p>Types de Donn\u00e9es collect\u00e9es &gt; Formulaire de contact OneDoc <\/p>\n\n\n\n<p>OneDoc SA utilise des cookies et des technologies similaires pour le bon fonctionnement de leur site web et pour mesurer son audience. Vous pouvez choisir d&rsquo;accepter ou de refuser ces cookies individuellement. Pour en savoir plus sur la fa\u00e7on dont ils utilisent les cookies, les donn\u00e9es collect\u00e9es et leur traitement, et leurs partenaires avec lesquels ils travaillent, veuillez consulter leur&nbsp;<a href=\"https:\/\/privacy.onedoc.ch\/fr\/privacy-policy\" target=\"_blank\" rel=\"noreferrer noopener\">politique de confidentialit\u00e9<\/a> et la <a href=\"https:\/\/privacy.onedoc.ch\/fr\/patient-data-protection\">charte de protection des donn\u00e9es<\/a> de sant\u00e9 \u00e0 destination des patients. <\/p>\n\n\n\n<p>Les informations que nous recueillons sont exclusivement destin\u00e9es \u00e0 Cabinet Ophtalmologie Cornavin. Aucune donn\u00e9e personnelle vous concernant n\u2019est c\u00e9d\u00e9e \u00e0 des tiers.<\/p>\n\n\n\n<p><a href=\"https:\/\/privacy.onedoc.ch\/fr\/patient-data-protection\">https:\/\/privacy.onedoc.ch\/fr\/patient-data-protection<\/a><\/p>\n\n\n\n<h2 class=\"wp-block-heading\">H\u00e9bergeur et conception <\/h2>\n\n\n\n<p>Le site est h\u00e9berg\u00e9 par INFOMANIAK en Suisse. <\/p>\n\n\n\n<p>Les contenus \u00e9ditoriaux ainsi que le design et le d\u00e9veloppement du site web ont \u00e9t\u00e9 r\u00e9alis\u00e9s par l&rsquo;agence&nbsp;Topela | <a href=\"http:\/\/www.topela.ch\">www.topela.ch<\/a><\/p>\n\n\n\n<p><strong>Version 2 du  01.09.2023<\/strong> <\/p>\n","protected":false},"excerpt":{"rendered":"<p>Entreprise Cabinet Ophtalmologie Cornavin \/ Dre. Val\u00e9ria Kheir \/ 22, rue du Mont-Blanc 1201 Gen\u00e8ve &#8211; Suisse Le site www.ophtalmologie-cornavin.c est r\u00e9gi par le droit suisse ; les visiteurs ayant acc\u00e8s au site de l\u2019\u00e9tranger doivent s\u2019assurer du respect des lois localement applicables. Les mentions l\u00e9gales pouvant \u00eatre modifi\u00e9es \u00e0 tout moment et sans pr\u00e9avis, [&hellip;]<\/p>\n","protected":false},"author":1,"featured_media":0,"parent":0,"menu_order":0,"comment_status":"closed","ping_status":"closed","template":"","meta":{"om_disable_all_campaigns":false,"_monsterinsights_skip_tracking":false,"_monsterinsights_sitenote_active":false,"_monsterinsights_sitenote_note":"","_monsterinsights_sitenote_category":0,"_uf_show_specific_survey":0,"_uf_disable_surveys":false,"footnotes":""},"class_list":["post-3","page","type-page","status-publish","hentry"],"yoast_head":"<!-- This site is optimized with the Yoast SEO plugin v26.7 - https:\/\/yoast.com\/wordpress\/plugins\/seo\/ -->\n<title>Mentions l\u00e9gales -<\/title>\n<meta name=\"description\" content=\"Ophtalmologie Cornavin \u00e0 Gen\u00e8ve : prise en charge rapide pour vos examens de la vue, traitements et urgences ophtalmologiques.\" \/>\n<meta name=\"robots\" content=\"index, follow, max-snippet:-1, max-image-preview:large, max-video-preview:-1\" \/>\n<link rel=\"canonical\" href=\"https:\/\/ophtalmologie-cornavin.ch\/fr\/consultation-ophtalmologue-geneve-consultations-soins-cornavin\/\" \/>\n<meta property=\"og:locale\" content=\"fr_FR\" \/>\n<meta property=\"og:type\" content=\"article\" \/>\n<meta property=\"og:title\" content=\"Mentions l\u00e9gales -\" \/>\n<meta property=\"og:description\" content=\"Ophtalmologie Cornavin \u00e0 Gen\u00e8ve : prise en charge rapide pour vos examens de la vue, traitements et urgences ophtalmologiques.\" \/>\n<meta property=\"og:url\" content=\"https:\/\/ophtalmologie-cornavin.ch\/fr\/consultation-ophtalmologue-geneve-consultations-soins-cornavin\/\" \/>\n<meta property=\"article:modified_time\" content=\"2026-01-16T16:39:58+00:00\" \/>\n<meta name=\"twitter:card\" content=\"summary_large_image\" \/>\n<meta name=\"twitter:label1\" content=\"Dur\u00e9e de lecture estim\u00e9e\" \/>\n\t<meta name=\"twitter:data1\" content=\"2 minutes\" \/>\n<script type=\"application\/ld+json\" class=\"yoast-schema-graph\">{\"@context\":\"https:\/\/schema.org\",\"@graph\":[{\"@type\":\"WebPage\",\"@id\":\"https:\/\/ophtalmologie-cornavin.ch\/consultation-ophtalmologue-geneve-consultations-soins-cornavin\/\",\"url\":\"https:\/\/ophtalmologie-cornavin.ch\/consultation-ophtalmologue-geneve-consultations-soins-cornavin\/\",\"name\":\"Mentions l\u00e9gales -\",\"isPartOf\":{\"@id\":\"https:\/\/ophtalmologie-cornavin.ch\/#website\"},\"datePublished\":\"2023-04-13T11:13:08+00:00\",\"dateModified\":\"2026-01-16T16:39:58+00:00\",\"description\":\"Ophtalmologie Cornavin \u00e0 Gen\u00e8ve : prise en charge rapide pour vos examens de la vue, traitements et urgences ophtalmologiques.\",\"breadcrumb\":{\"@id\":\"https:\/\/ophtalmologie-cornavin.ch\/consultation-ophtalmologue-geneve-consultations-soins-cornavin\/#breadcrumb\"},\"inLanguage\":\"fr-FR\",\"potentialAction\":[{\"@type\":\"ReadAction\",\"target\":[\"https:\/\/ophtalmologie-cornavin.ch\/consultation-ophtalmologue-geneve-consultations-soins-cornavin\/\"]}]},{\"@type\":\"BreadcrumbList\",\"@id\":\"https:\/\/ophtalmologie-cornavin.ch\/consultation-ophtalmologue-geneve-consultations-soins-cornavin\/#breadcrumb\",\"itemListElement\":[{\"@type\":\"ListItem\",\"position\":1,\"name\":\"Accueil\",\"item\":\"https:\/\/ophtalmologie-cornavin.ch\/\"},{\"@type\":\"ListItem\",\"position\":2,\"name\":\"Mentions l\u00e9gales\"}]},{\"@type\":\"WebSite\",\"@id\":\"https:\/\/ophtalmologie-cornavin.ch\/#website\",\"url\":\"https:\/\/ophtalmologie-cornavin.ch\/\",\"name\":\"https:\/\/ophtalmologie-cornavin.ch\/\",\"description\":\"\",\"publisher\":{\"@id\":\"https:\/\/ophtalmologie-cornavin.ch\/#organization\"},\"potentialAction\":[{\"@type\":\"SearchAction\",\"target\":{\"@type\":\"EntryPoint\",\"urlTemplate\":\"https:\/\/ophtalmologie-cornavin.ch\/?s={search_term_string}\"},\"query-input\":{\"@type\":\"PropertyValueSpecification\",\"valueRequired\":true,\"valueName\":\"search_term_string\"}}],\"inLanguage\":\"fr-FR\"},{\"@type\":\"Organization\",\"@id\":\"https:\/\/ophtalmologie-cornavin.ch\/#organization\",\"name\":\"Cabinet Ophtalmologie Cornavin\",\"url\":\"https:\/\/ophtalmologie-cornavin.ch\/\",\"logo\":{\"@type\":\"ImageObject\",\"inLanguage\":\"fr-FR\",\"@id\":\"https:\/\/ophtalmologie-cornavin.ch\/#\/schema\/logo\/image\/\",\"url\":\"https:\/\/ophtalmologie-cornavin.ch\/wp-content\/uploads\/2023\/04\/cropped-Logo-definitif-Ophtalmologie-cornavin_Plan-de-travail-1-2.png\",\"contentUrl\":\"https:\/\/ophtalmologie-cornavin.ch\/wp-content\/uploads\/2023\/04\/cropped-Logo-definitif-Ophtalmologie-cornavin_Plan-de-travail-1-2.png\",\"width\":1063,\"height\":1063,\"caption\":\"Cabinet Ophtalmologie Cornavin\"},\"image\":{\"@id\":\"https:\/\/ophtalmologie-cornavin.ch\/#\/schema\/logo\/image\/\"},\"sameAs\":[\"https:\/\/www.linkedin.com\/in\/valeria-kheir-60a07289\/\"]}]}<\/script>\n<!-- \/ Yoast SEO plugin. -->","yoast_head_json":{"title":"Mentions l\u00e9gales -","description":"Ophtalmologie Cornavin \u00e0 Gen\u00e8ve : prise en charge rapide pour vos examens de la vue, traitements et urgences ophtalmologiques.","robots":{"index":"index","follow":"follow","max-snippet":"max-snippet:-1","max-image-preview":"max-image-preview:large","max-video-preview":"max-video-preview:-1"},"canonical":"https:\/\/ophtalmologie-cornavin.ch\/fr\/consultation-ophtalmologue-geneve-consultations-soins-cornavin\/","og_locale":"fr_FR","og_type":"article","og_title":"Mentions l\u00e9gales -","og_description":"Ophtalmologie Cornavin \u00e0 Gen\u00e8ve : prise en charge rapide pour vos examens de la vue, traitements et urgences ophtalmologiques.","og_url":"https:\/\/ophtalmologie-cornavin.ch\/fr\/consultation-ophtalmologue-geneve-consultations-soins-cornavin\/","article_modified_time":"2026-01-16T16:39:58+00:00","twitter_card":"summary_large_image","twitter_misc":{"Dur\u00e9e de lecture estim\u00e9e":"2 minutes"},"schema":{"@context":"https:\/\/schema.org","@graph":[{"@type":"WebPage","@id":"https:\/\/ophtalmologie-cornavin.ch\/consultation-ophtalmologue-geneve-consultations-soins-cornavin\/","url":"https:\/\/ophtalmologie-cornavin.ch\/consultation-ophtalmologue-geneve-consultations-soins-cornavin\/","name":"Mentions l\u00e9gales -","isPartOf":{"@id":"https:\/\/ophtalmologie-cornavin.ch\/#website"},"datePublished":"2023-04-13T11:13:08+00:00","dateModified":"2026-01-16T16:39:58+00:00","description":"Ophtalmologie Cornavin \u00e0 Gen\u00e8ve : prise en charge rapide pour vos examens de la vue, traitements et urgences ophtalmologiques.","breadcrumb":{"@id":"https:\/\/ophtalmologie-cornavin.ch\/consultation-ophtalmologue-geneve-consultations-soins-cornavin\/#breadcrumb"},"inLanguage":"fr-FR","potentialAction":[{"@type":"ReadAction","target":["https:\/\/ophtalmologie-cornavin.ch\/consultation-ophtalmologue-geneve-consultations-soins-cornavin\/"]}]},{"@type":"BreadcrumbList","@id":"https:\/\/ophtalmologie-cornavin.ch\/consultation-ophtalmologue-geneve-consultations-soins-cornavin\/#breadcrumb","itemListElement":[{"@type":"ListItem","position":1,"name":"Accueil","item":"https:\/\/ophtalmologie-cornavin.ch\/"},{"@type":"ListItem","position":2,"name":"Mentions l\u00e9gales"}]},{"@type":"WebSite","@id":"https:\/\/ophtalmologie-cornavin.ch\/#website","url":"https:\/\/ophtalmologie-cornavin.ch\/","name":"https:\/\/ophtalmologie-cornavin.ch\/","description":"","publisher":{"@id":"https:\/\/ophtalmologie-cornavin.ch\/#organization"},"potentialAction":[{"@type":"SearchAction","target":{"@type":"EntryPoint","urlTemplate":"https:\/\/ophtalmologie-cornavin.ch\/?s={search_term_string}"},"query-input":{"@type":"PropertyValueSpecification","valueRequired":true,"valueName":"search_term_string"}}],"inLanguage":"fr-FR"},{"@type":"Organization","@id":"https:\/\/ophtalmologie-cornavin.ch\/#organization","name":"Cabinet Ophtalmologie Cornavin","url":"https:\/\/ophtalmologie-cornavin.ch\/","logo":{"@type":"ImageObject","inLanguage":"fr-FR","@id":"https:\/\/ophtalmologie-cornavin.ch\/#\/schema\/logo\/image\/","url":"https:\/\/ophtalmologie-cornavin.ch\/wp-content\/uploads\/2023\/04\/cropped-Logo-definitif-Ophtalmologie-cornavin_Plan-de-travail-1-2.png","contentUrl":"https:\/\/ophtalmologie-cornavin.ch\/wp-content\/uploads\/2023\/04\/cropped-Logo-definitif-Ophtalmologie-cornavin_Plan-de-travail-1-2.png","width":1063,"height":1063,"caption":"Cabinet Ophtalmologie Cornavin"},"image":{"@id":"https:\/\/ophtalmologie-cornavin.ch\/#\/schema\/logo\/image\/"},"sameAs":["https:\/\/www.linkedin.com\/in\/valeria-kheir-60a07289\/"]}]}},"_links":{"self":[{"href":"https:\/\/ophtalmologie-cornavin.ch\/fr\/wp-json\/wp\/v2\/pages\/3","targetHints":{"allow":["GET"]}}],"collection":[{"href":"https:\/\/ophtalmologie-cornavin.ch\/fr\/wp-json\/wp\/v2\/pages"}],"about":[{"href":"https:\/\/ophtalmologie-cornavin.ch\/fr\/wp-json\/wp\/v2\/types\/page"}],"author":[{"embeddable":true,"href":"https:\/\/ophtalmologie-cornavin.ch\/fr\/wp-json\/wp\/v2\/users\/1"}],"replies":[{"embeddable":true,"href":"https:\/\/ophtalmologie-cornavin.ch\/fr\/wp-json\/wp\/v2\/comments?post=3"}],"version-history":[{"count":17,"href":"https:\/\/ophtalmologie-cornavin.ch\/fr\/wp-json\/wp\/v2\/pages\/3\/revisions"}],"predecessor-version":[{"id":2197,"href":"https:\/\/ophtalmologie-cornavin.ch\/fr\/wp-json\/wp\/v2\/pages\/3\/revisions\/2197"}],"wp:attachment":[{"href":"https:\/\/ophtalmologie-cornavin.ch\/fr\/wp-json\/wp\/v2\/media?parent=3"}],"curies":[{"name":"wp","href":"https:\/\/api.w.org\/{rel}","templated":true}]}}